{"id":10,"date":"2022-04-26T08:19:07","date_gmt":"2022-04-26T06:19:07","guid":{"rendered":"http:\/\/romandvoracek.eu\/elektrosp\/?page_id=10"},"modified":"2022-05-11T08:23:30","modified_gmt":"2022-05-11T06:23:30","slug":"home","status":"publish","type":"page","link":"https:\/\/elektrosp.cz\/?page_id=10","title":{"rendered":"Home"},"content":{"rendered":"\n<h2 class=\"wp-block-heading\">O N\u00e1s<\/h2>\n\n\n\n<p>Spole\u010dnost ELEKTROSPOL, spol. s r.o., se zab\u00fdv\u00e1 komplexn\u00edmi slu\u017ebami a dod\u00e1vkami v oboru elektro, jak silnoproud\u00fdch, tak i slaboproud\u00fdch.<\/p>\n\n\n\n<p>Na trhu jsme ji\u017e od roku 1991&nbsp;a v\u00edce ne\u017e 25 let jsme schopni zajistit elektromont\u00e1\u017en\u00ed pr\u00e1ce od projektu, p\u0159es realizaci i kone\u010dnou v\u00fdchoz\u00ed revizi.<\/p>\n\n\n\n<p>Silnoproud\u00e9 a slaboproud\u00e9 pr\u00e1ce a dod\u00e1vky realizujeme jak v pr\u016fmyslov\u00e9m, tak i v priv\u00e1tn\u00edm prost\u0159ed\u00ed.<\/p>\n\n\n\n<div class=\"wp-block-image\"><figure class=\"aligncenter size-large\"><img loading=\"lazy\" decoding=\"async\" width=\"540\" height=\"405\" src=\"http:\/\/elektrosp.cz\/wp-content\/uploads\/2022\/04\/Thumbnail.ashx-53.jpeg\" alt=\"\" class=\"wp-image-85\" srcset=\"https:\/\/elektrosp.cz\/wp-content\/uploads\/2022\/04\/Thumbnail.ashx-53.jpeg 540w, https:\/\/elektrosp.cz\/wp-content\/uploads\/2022\/04\/Thumbnail.ashx-53-300x225.jpeg 300w\" sizes=\"(max-width: 540px) 100vw, 540px\" \/><\/figure><\/div>\n","protected":false},"excerpt":{"rendered":"<p>O N\u00e1s Spole\u010dnost ELEKTROSPOL, spol. s r.o., se zab\u00fdv\u00e1 komplexn\u00edmi slu\u017ebami a dod\u00e1vkami v oboru elektro, jak silnoproud\u00fdch, tak i slaboproud\u00fdch. Na trhu jsme ji\u017e od roku 1991&nbsp;a v\u00edce ne\u017e 25 let jsme schopni zajistit elektromont\u00e1\u017en\u00ed pr\u00e1ce od projektu, p\u0159es realizaci i kone\u010dnou v\u00fdchoz\u00ed revizi. Silnoproud\u00e9 a slaboproud\u00e9 pr\u00e1ce a dod\u00e1vky realizujeme jak v pr\u016fmyslov\u00e9m, [&hellip;]<\/p>\n","protected":false},"author":1,"featured_media":0,"parent":0,"menu_order":0,"comment_status":"closed","ping_status":"closed","template":"","meta":{"footnotes":""},"_links":{"self":[{"href":"https:\/\/elektrosp.cz\/index.php?rest_route=\/wp\/v2\/pages\/10"}],"collection":[{"href":"https:\/\/elektrosp.cz\/index.php?rest_route=\/wp\/v2\/pages"}],"about":[{"href":"https:\/\/elektrosp.cz\/index.php?rest_route=\/wp\/v2\/types\/page"}],"author":[{"embeddable":true,"href":"https:\/\/elektrosp.cz\/index.php?rest_route=\/wp\/v2\/users\/1"}],"replies":[{"embeddable":true,"href":"https:\/\/elektrosp.cz\/index.php?rest_route=%2Fwp%2Fv2%2Fcomments&post=10"}],"version-history":[{"count":3,"href":"https:\/\/elektrosp.cz\/index.php?rest_route=\/wp\/v2\/pages\/10\/revisions"}],"predecessor-version":[{"id":113,"href":"https:\/\/elektrosp.cz\/index.php?rest_route=\/wp\/v2\/pages\/10\/revisions\/113"}],"wp:attachment":[{"href":"https:\/\/elektrosp.cz\/index.php?rest_route=%2Fwp%2Fv2%2Fmedia&parent=10"}],"curies":[{"name":"wp","href":"https:\/\/api.w.org\/{rel}","templated":true}]}}