{"id":58,"date":"2022-04-26T09:24:25","date_gmt":"2022-04-26T07:24:25","guid":{"rendered":"http:\/\/romandvoracek.eu\/elektrosp\/?page_id=58"},"modified":"2022-05-11T08:13:30","modified_gmt":"2022-05-11T06:13:30","slug":"revize","status":"publish","type":"page","link":"https:\/\/elektrosp.cz\/?page_id=58","title":{"rendered":"REVIZE"},"content":{"rendered":"\n<figure class=\"wp-block-image size-large\"><img loading=\"lazy\" decoding=\"async\" width=\"310\" height=\"310\" src=\"http:\/\/elektrosp.cz\/wp-content\/uploads\/2022\/04\/Thumbnail.ashx-45.jpeg\" alt=\"\" class=\"wp-image-97\" srcset=\"https:\/\/elektrosp.cz\/wp-content\/uploads\/2022\/04\/Thumbnail.ashx-45.jpeg 310w, https:\/\/elektrosp.cz\/wp-content\/uploads\/2022\/04\/Thumbnail.ashx-45-300x300.jpeg 300w, https:\/\/elektrosp.cz\/wp-content\/uploads\/2022\/04\/Thumbnail.ashx-45-150x150.jpeg 150w\" sizes=\"(max-width: 310px) 100vw, 310px\" \/><\/figure>\n\n\n\n<h4 class=\"wp-block-heading\">Revize elektrick\u00fdch za\u0159\u00edzen\u00ed prov\u00e1d\u011bn\u00fdch dle \u010cSN 331500<\/h4>\n\n\n\n<p>Ka\u017ed\u00e9 elektrick\u00e9 za\u0159\u00edzen\u00ed mus\u00ed b\u00fdt podle \u010cSN b\u011bhem v\u00fdstavby a nebo po dokon\u010den\u00ed, p\u0159ed t\u00edm, ne\u017e je u\u017eivatel uvede do provozu, prohl\u00e9dnuto a vyzkou\u0161eno v r\u00e1mci v\u00fdchoz\u00ed revize. \u00da\u010delem je ov\u011b\u0159en\u00ed, pokud je to mo\u017en\u00e9, zda jsou spln\u011bny alespo\u0148 po\u017eadavky norem \u010cSN.<\/p>\n\n\n\n<p>Revize elektrick\u00fdch za\u0159\u00edzen\u00ed&nbsp;NN, VN (do 22kV)&nbsp;v\u010detn\u011b hromosvo\u016f<\/p>\n\n\n\n<p>Revize zahrnuje prohl\u00eddku, zkou\u0161en\u00ed, m\u011b\u0159en\u00ed a vypracov\u00e1n\u00ed protokolu.<\/p>\n\n\n\n<figure class=\"wp-block-image size-large\"><img loading=\"lazy\" decoding=\"async\" width=\"522\" height=\"310\" src=\"http:\/\/elektrosp.cz\/wp-content\/uploads\/2022\/04\/Thumbnail.ashx-46.jpeg\" alt=\"\" class=\"wp-image-96\" srcset=\"https:\/\/elektrosp.cz\/wp-content\/uploads\/2022\/04\/Thumbnail.ashx-46.jpeg 522w, https:\/\/elektrosp.cz\/wp-content\/uploads\/2022\/04\/Thumbnail.ashx-46-300x178.jpeg 300w\" sizes=\"(max-width: 522px) 100vw, 522px\" \/><\/figure>\n\n\n\n<h4 class=\"wp-block-heading\">Revize dle \u010cSN EN 60204-1 ed.2<\/h4>\n\n\n\n<p>U revize pracovn\u00edch stroj\u016f prov\u00e1d\u011bn\u00fdch dle \u010cSN EN 60204-1 ed.2 (\u010cSN 332200) se n\u00e1sleduj\u00edc\u00ed zkou\u0161ky:<\/p>\n\n\n\n<ul><li>kontrola ochrann\u00e9ho obvodu<\/li><li>m\u011b\u0159en\u00ed izola\u010dn\u00edho odporu<\/li><li>zkou\u0161ka nap\u011bt\u00edm<\/li><li>zkou\u0161ka ochrany p\u0159ed zbytkov\u00fdm nap\u011bt\u00edm<\/li><li>m\u011b\u0159en\u00ed elektromagnetick\u00e9ho odru\u0161en\u00ed<\/li><li>funk\u010dn\u00ed zkou\u0161ky<\/li><\/ul>\n\n\n\n<figure class=\"wp-block-image size-large\"><img loading=\"lazy\" decoding=\"async\" width=\"400\" height=\"300\" src=\"http:\/\/elektrosp.cz\/wp-content\/uploads\/2022\/04\/Thumbnail.ashx-5.png\" alt=\"\" class=\"wp-image-95\" srcset=\"https:\/\/elektrosp.cz\/wp-content\/uploads\/2022\/04\/Thumbnail.ashx-5.png 400w, https:\/\/elektrosp.cz\/wp-content\/uploads\/2022\/04\/Thumbnail.ashx-5-300x225.png 300w\" sizes=\"(max-width: 400px) 100vw, 400px\" \/><\/figure>\n\n\n\n<h4 class=\"wp-block-heading\">Revize dle \u010cSN 331600 ed.2<\/h4>\n\n\n\n<p>Revize elektrick\u00fdch spot\u0159ebi\u010d\u016f prov\u00e1d\u011bn\u00fdch dle \u010cSN 331600 ed.2 jsou prov\u00e1d\u011bny po oprav\u00e1ch nebo \u00faprav\u00e1ch elektrick\u00fdch spot\u0159ebi\u010d\u016f nebo pravideln\u011b b\u011bhem jejich pou\u017e\u00edv\u00e1n\u00ed ve lh\u016ft\u00e1ch uveden\u00fdch v p\u0159\u00edslu\u0161n\u00fdch norm\u00e1ch \u010cSN.<\/p>\n\n\n\n<p>Prov\u00e1d\u00ed se souhrn \u00fakon\u016f, p\u0159i kter\u00fdch se prohl\u00eddkou, m\u011b\u0159en\u00edm a zkou\u0161en\u00edm zji\u0161\u0165uje stav ru\u010dn\u00edho n\u00e1\u0159ad\u00ed z hlediska bezpe\u010dnosti. Sou\u010d\u00e1st\u00ed revize elektrick\u00e9ho ru\u010dn\u00edho n\u00e1\u0159ad\u00ed je vypracov\u00e1n\u00ed protokolu o revizi.<\/p>\n\n\n\n<figure class=\"wp-block-image size-large\"><img loading=\"lazy\" decoding=\"async\" width=\"1024\" height=\"493\" src=\"http:\/\/elektrosp.cz\/wp-content\/uploads\/2022\/04\/swiper-slide-13a-1-1024x493.jpg\" alt=\"\" class=\"wp-image-47\" srcset=\"https:\/\/elektrosp.cz\/wp-content\/uploads\/2022\/04\/swiper-slide-13a-1-1024x493.jpg 1024w, https:\/\/elektrosp.cz\/wp-content\/uploads\/2022\/04\/swiper-slide-13a-1-300x144.jpg 300w, https:\/\/elektrosp.cz\/wp-content\/uploads\/2022\/04\/swiper-slide-13a-1-768x370.jpg 768w, https:\/\/elektrosp.cz\/wp-content\/uploads\/2022\/04\/swiper-slide-13a-1-1536x739.jpg 1536w, https:\/\/elektrosp.cz\/wp-content\/uploads\/2022\/04\/swiper-slide-13a-1.jpg 1600w\" sizes=\"(max-width: 1024px) 100vw, 1024px\" \/><\/figure>\n\n\n\n<h4 class=\"wp-block-heading\">Ostatn\u00ed<\/h4>\n\n\n\n<ul><li>Stanoven\u00ed vn\u011bj\u0161\u00edch vliv\u016f p\u016fsob\u00edc\u00edch na elektrick\u00e1 za\u0159\u00edzen\u00ed dle \u010cSN 332000-5-51 ed.3<\/li><li>\u0160kolen\u00ed z vyhl\u00e1\u0161ky 50 \u00a74-10<\/li><li>M\u011b\u0159en\u00ed um\u011bl\u00e9ho osv\u011btlen\u00ed&nbsp;vnit\u0159n\u00edch prostor\u016f dle&nbsp;\u010cSN 36 0011-3<\/li><\/ul>\n","protected":false},"excerpt":{"rendered":"<p>Revize elektrick\u00fdch za\u0159\u00edzen\u00ed prov\u00e1d\u011bn\u00fdch dle \u010cSN 331500 Ka\u017ed\u00e9 elektrick\u00e9 za\u0159\u00edzen\u00ed mus\u00ed b\u00fdt podle \u010cSN b\u011bhem v\u00fdstavby a nebo po dokon\u010den\u00ed, p\u0159ed t\u00edm, ne\u017e je u\u017eivatel uvede do provozu, prohl\u00e9dnuto a vyzkou\u0161eno v r\u00e1mci v\u00fdchoz\u00ed revize. \u00da\u010delem je ov\u011b\u0159en\u00ed, pokud je to mo\u017en\u00e9, zda jsou spln\u011bny alespo\u0148 po\u017eadavky norem \u010cSN. Revize elektrick\u00fdch za\u0159\u00edzen\u00ed&nbsp;NN, VN (do 22kV)&nbsp;v\u010detn\u011b [&hellip;]<\/p>\n","protected":false},"author":1,"featured_media":0,"parent":0,"menu_order":0,"comment_status":"closed","ping_status":"closed","template":"","meta":{"footnotes":""},"_links":{"self":[{"href":"https:\/\/elektrosp.cz\/index.php?rest_route=\/wp\/v2\/pages\/58"}],"collection":[{"href":"https:\/\/elektrosp.cz\/index.php?rest_route=\/wp\/v2\/pages"}],"about":[{"href":"https:\/\/elektrosp.cz\/index.php?rest_route=\/wp\/v2\/types\/page"}],"author":[{"embeddable":true,"href":"https:\/\/elektrosp.cz\/index.php?rest_route=\/wp\/v2\/users\/1"}],"replies":[{"embeddable":true,"href":"https:\/\/elektrosp.cz\/index.php?rest_route=%2Fwp%2Fv2%2Fcomments&post=58"}],"version-history":[{"count":2,"href":"https:\/\/elektrosp.cz\/index.php?rest_route=\/wp\/v2\/pages\/58\/revisions"}],"predecessor-version":[{"id":108,"href":"https:\/\/elektrosp.cz\/index.php?rest_route=\/wp\/v2\/pages\/58\/revisions\/108"}],"wp:attachment":[{"href":"https:\/\/elektrosp.cz\/index.php?rest_route=%2Fwp%2Fv2%2Fmedia&parent=58"}],"curies":[{"name":"wp","href":"https:\/\/api.w.org\/{rel}","templated":true}]}}