{"id":61,"date":"2022-04-26T09:26:04","date_gmt":"2022-04-26T07:26:04","guid":{"rendered":"http:\/\/romandvoracek.eu\/elektrosp\/?page_id=61"},"modified":"2022-05-11T08:15:43","modified_gmt":"2022-05-11T06:15:43","slug":"slaboproude-rozvody","status":"publish","type":"page","link":"https:\/\/elektrosp.cz\/?page_id=61","title":{"rendered":"SLABOPROUD\u00c9 ROZVODY"},"content":{"rendered":"\n<figure class=\"wp-block-image size-large\"><img loading=\"lazy\" decoding=\"async\" width=\"310\" height=\"310\" src=\"http:\/\/elektrosp.cz\/wp-content\/uploads\/2022\/04\/Thumbnail.ashx-3.png\" alt=\"\" class=\"wp-image-102\" srcset=\"https:\/\/elektrosp.cz\/wp-content\/uploads\/2022\/04\/Thumbnail.ashx-3.png 310w, https:\/\/elektrosp.cz\/wp-content\/uploads\/2022\/04\/Thumbnail.ashx-3-300x300.png 300w, https:\/\/elektrosp.cz\/wp-content\/uploads\/2022\/04\/Thumbnail.ashx-3-150x150.png 150w\" sizes=\"(max-width: 310px) 100vw, 310px\" \/><\/figure>\n\n\n\n<h4 class=\"wp-block-heading\">Zabezpe\u010dovac\u00ed syst\u00e9my&nbsp;JABLOTRON,&nbsp;PARADOX<\/h4>\n\n\n\n<p>Pokr\u00fdv\u00e1me \u0161irokou nab\u00eddku komponent\u016f EZS, od klasick\u00fdch PIR detektor\u016f, bezdr\u00e1tov\u00fdch detektor\u016f, klasick\u00fdch a GSM komunik\u00e1tor\u016f, p\u0159es \u00fast\u0159edny st\u0159edn\u00ed t\u0159\u00eddy pro men\u0161\u00ed syst\u00e9my a\u017e po \u00fast\u0159edny pro st\u0159edn\u00ed a v\u011bt\u0161\u00ed syst\u00e9my.<\/p>\n\n\n\n<p>V na\u0161\u00ed nab\u00eddce najdete syst\u00e9my renomovan\u00fdch firem Jablotron, Paradox. V\u017edy jsme schopni p\u0159izp\u016fsobit syst\u00e9m p\u0159esn\u011b dle po\u017eadavk\u016f z\u00e1kazn\u00edka tak, aby byl spokojen.<\/p>\n\n\n\n<figure class=\"wp-block-image size-large\"><img loading=\"lazy\" decoding=\"async\" width=\"540\" height=\"356\" src=\"http:\/\/elektrosp.cz\/wp-content\/uploads\/2022\/04\/Thumbnail.ashx-4.png\" alt=\"\" class=\"wp-image-101\" srcset=\"https:\/\/elektrosp.cz\/wp-content\/uploads\/2022\/04\/Thumbnail.ashx-4.png 540w, https:\/\/elektrosp.cz\/wp-content\/uploads\/2022\/04\/Thumbnail.ashx-4-300x198.png 300w\" sizes=\"(max-width: 540px) 100vw, 540px\" \/><\/figure>\n\n\n\n<h4 class=\"wp-block-heading\">Doch\u00e1zkov\u00e9 a p\u0159\u00edstupov\u00e9 syst\u00e9my SYSDO<\/h4>\n\n\n\n<p>Kontrola a spr\u00e1va doch\u00e1zky, individu\u00e1ln\u00ed pracovn\u00ed pl\u00e1ny a dokonal\u00fd p\u0159ehled o doch\u00e1zce zam\u011bstnanc\u016f p\u0159ehledn\u011b a intuitivn\u011b.<\/p>\n\n\n\n<figure class=\"wp-block-embed\"><div class=\"wp-block-embed__wrapper\">\nhttp:\/\/www.sysdo.cz\n<\/div><\/figure>\n\n\n\n<figure class=\"wp-block-image size-large\"><img loading=\"lazy\" decoding=\"async\" width=\"1024\" height=\"493\" src=\"http:\/\/elektrosp.cz\/wp-content\/uploads\/2022\/04\/swiper-slide-1c-1024x493.jpg\" alt=\"\" class=\"wp-image-22\" srcset=\"https:\/\/elektrosp.cz\/wp-content\/uploads\/2022\/04\/swiper-slide-1c-1024x493.jpg 1024w, https:\/\/elektrosp.cz\/wp-content\/uploads\/2022\/04\/swiper-slide-1c-300x144.jpg 300w, https:\/\/elektrosp.cz\/wp-content\/uploads\/2022\/04\/swiper-slide-1c-768x370.jpg 768w, https:\/\/elektrosp.cz\/wp-content\/uploads\/2022\/04\/swiper-slide-1c-1536x739.jpg 1536w, https:\/\/elektrosp.cz\/wp-content\/uploads\/2022\/04\/swiper-slide-1c.jpg 1600w\" sizes=\"(max-width: 1024px) 100vw, 1024px\" \/><\/figure>\n\n\n\n<h4 class=\"wp-block-heading\">LAN rozvody<\/h4>\n\n\n\n<p>Navrhneme, p\u0159iprav\u00edme a&nbsp;vybudujeme spolehlivou profesion\u00e1ln\u00ed s\u00ed\u0165 v\u010detn\u011b kompletn\u00edho s\u00ed\u0165ov\u00e9ho prost\u0159ed\u00ed pro optim\u00e1ln\u00ed provoz va\u0161ich aplikac\u00ed.<\/p>\n\n\n\n<p><\/p>\n","protected":false},"excerpt":{"rendered":"<p>Zabezpe\u010dovac\u00ed syst\u00e9my&nbsp;JABLOTRON,&nbsp;PARADOX Pokr\u00fdv\u00e1me \u0161irokou nab\u00eddku komponent\u016f EZS, od klasick\u00fdch PIR detektor\u016f, bezdr\u00e1tov\u00fdch detektor\u016f, klasick\u00fdch a GSM komunik\u00e1tor\u016f, p\u0159es \u00fast\u0159edny st\u0159edn\u00ed t\u0159\u00eddy pro men\u0161\u00ed syst\u00e9my a\u017e po \u00fast\u0159edny pro st\u0159edn\u00ed a v\u011bt\u0161\u00ed syst\u00e9my. V na\u0161\u00ed nab\u00eddce najdete syst\u00e9my renomovan\u00fdch firem Jablotron, Paradox. V\u017edy jsme schopni p\u0159izp\u016fsobit syst\u00e9m p\u0159esn\u011b dle po\u017eadavk\u016f z\u00e1kazn\u00edka tak, aby byl spokojen. Doch\u00e1zkov\u00e9 [&hellip;]<\/p>\n","protected":false},"author":1,"featured_media":0,"parent":0,"menu_order":0,"comment_status":"closed","ping_status":"closed","template":"","meta":{"footnotes":""},"_links":{"self":[{"href":"https:\/\/elektrosp.cz\/index.php?rest_route=\/wp\/v2\/pages\/61"}],"collection":[{"href":"https:\/\/elektrosp.cz\/index.php?rest_route=\/wp\/v2\/pages"}],"about":[{"href":"https:\/\/elektrosp.cz\/index.php?rest_route=\/wp\/v2\/types\/page"}],"author":[{"embeddable":true,"href":"https:\/\/elektrosp.cz\/index.php?rest_route=\/wp\/v2\/users\/1"}],"replies":[{"embeddable":true,"href":"https:\/\/elektrosp.cz\/index.php?rest_route=%2Fwp%2Fv2%2Fcomments&post=61"}],"version-history":[{"count":3,"href":"https:\/\/elektrosp.cz\/index.php?rest_route=\/wp\/v2\/pages\/61\/revisions"}],"predecessor-version":[{"id":111,"href":"https:\/\/elektrosp.cz\/index.php?rest_route=\/wp\/v2\/pages\/61\/revisions\/111"}],"wp:attachment":[{"href":"https:\/\/elektrosp.cz\/index.php?rest_route=%2Fwp%2Fv2%2Fmedia&parent=61"}],"curies":[{"name":"wp","href":"https:\/\/api.w.org\/{rel}","templated":true}]}}