{"id":64,"date":"2022-04-26T09:27:41","date_gmt":"2022-04-26T07:27:41","guid":{"rendered":"http:\/\/romandvoracek.eu\/elektrosp\/?page_id=64"},"modified":"2022-05-11T08:14:56","modified_gmt":"2022-05-11T06:14:56","slug":"vyroba-rozvadecu","status":"publish","type":"page","link":"https:\/\/elektrosp.cz\/?page_id=64","title":{"rendered":"V\u00ddROBA ROZV\u00c1D\u011a\u010c\u016e"},"content":{"rendered":"\n<h1 class=\"wp-block-heading\">V\u00fdroba rozv\u00e1d\u011b\u010d\u016f<\/h1>\n\n\n\n<p>Spole\u010dnost ELEKTROSPOL, spol. s r.o., vyr\u00e1b\u00ed pr\u016fmyslov\u00e9 elektrick\u00e9 rozv\u00e1d\u011b\u010de n\u00edzk\u00e9ho nap\u011bt\u00ed do 4000A v kryt\u00ed a\u017e do IP65 s vysokou zkratovou odolnost\u00ed. Rozv\u00e1d\u011b\u010de jsou ur\u010deny pro pr\u016fmysl, administrativn\u00ed budovy, komer\u010dn\u00ed centra, nemocnice, energocentra apod.<\/p>\n\n\n\n<p>Rozv\u00e1d\u011b\u010de pro m\u011b\u0159en\u00ed a regulaci a pr\u016fmyslovou automatizaci jsou dod\u00e1v\u00e1ny odzkou\u0161en\u00e9, s aplikovan\u00fdm software, z\u00e1kazn\u00edk m\u00e1 mo\u017enost jejich otestov\u00e1n\u00ed p\u0159\u00edmo ve v\u00fdrobn\u00edch prostorech d\u00edlny. V nab\u00eddce je cel\u00e9 spektrum aplikac\u00ed \u0159\u00edd\u00edc\u00ed se po\u017eadavky z\u00e1kazn\u00edka a dodanou realiza\u010dn\u00ed dokumentac\u00ed.<\/p>\n\n\n\n<p>Ka\u017ed\u00fd rozv\u00e1d\u011b\u010d je p\u0159ekontrolov\u00e1n v\u00fdstupn\u00ed kontrolou a je provedena kusov\u00e1 zkou\u0161ka. Sou\u010d\u00e1st\u00ed ka\u017ed\u00e9ho rozv\u00e1d\u011b\u010de je protokol o kusov\u00e9 zkou\u0161ce, prohl\u00e1\u0161en\u00ed o shod\u011b, v\u00fdchoz\u00ed revize, mont\u00e1\u017en\u00ed instrukce, n\u00e1vod k obsluze a dokumentace. Rozv\u00e1d\u011b\u010de m\u016f\u017eeme dodat v\u010detn\u011b dopravy na stavbu.<\/p>\n\n\n\n<h3 class=\"wp-block-heading\">V\u00fdrobn\u00ed \u0159ady:<\/h3>\n\n\n\n<ul><li>distribu\u010dn\u00ed a nap\u00e1jec\u00ed rozv\u00e1d\u011b\u010de<\/li><li>rozv\u00e1d\u011b\u010de z\u00e1lo\u017en\u00edch zdroj\u016f energi\u00ed<\/li><li>rozv\u00e1d\u011b\u010de \u0159\u00edd\u00edc\u00ed s automaty AS\u0158 a MaR<\/li><li>ovl\u00e1dac\u00ed panely<\/li><li>dispe\u010dersk\u00e1 pracovi\u0161t\u011b<\/li><li>elektrom\u011brov\u00e9 a podru\u017en\u00e9 rozvodnice<\/li><li>staveni\u0161tn\u00ed rozv\u00e1d\u011b\u010de<\/li><li>z\u00e1suvkov\u00e9 sk\u0159\u00edn\u011b<\/li><\/ul>\n\n\n\n<figure class=\"wp-block-image size-large\"><img loading=\"lazy\" decoding=\"async\" width=\"1024\" height=\"984\" src=\"http:\/\/elektrosp.cz\/wp-content\/uploads\/2022\/04\/rozv_1-1024x984.jpg\" alt=\"\" class=\"wp-image-94\" srcset=\"https:\/\/elektrosp.cz\/wp-content\/uploads\/2022\/04\/rozv_1-1024x984.jpg 1024w, https:\/\/elektrosp.cz\/wp-content\/uploads\/2022\/04\/rozv_1-300x288.jpg 300w, https:\/\/elektrosp.cz\/wp-content\/uploads\/2022\/04\/rozv_1-768x738.jpg 768w, https:\/\/elektrosp.cz\/wp-content\/uploads\/2022\/04\/rozv_1-1536x1476.jpg 1536w, https:\/\/elektrosp.cz\/wp-content\/uploads\/2022\/04\/rozv_1.jpg 2000w\" sizes=\"(max-width: 1024px) 100vw, 1024px\" \/><\/figure>\n\n\n\n<figure class=\"wp-block-image size-large\"><img loading=\"lazy\" decoding=\"async\" width=\"768\" height=\"1024\" src=\"http:\/\/elektrosp.cz\/wp-content\/uploads\/2022\/04\/IMG_3747-768x1024.jpg\" alt=\"\" class=\"wp-image-92\" srcset=\"https:\/\/elektrosp.cz\/wp-content\/uploads\/2022\/04\/IMG_3747-768x1024.jpg 768w, https:\/\/elektrosp.cz\/wp-content\/uploads\/2022\/04\/IMG_3747-225x300.jpg 225w, https:\/\/elektrosp.cz\/wp-content\/uploads\/2022\/04\/IMG_3747-1152x1536.jpg 1152w, https:\/\/elektrosp.cz\/wp-content\/uploads\/2022\/04\/IMG_3747-1536x2048.jpg 1536w, https:\/\/elektrosp.cz\/wp-content\/uploads\/2022\/04\/IMG_3747-scaled.jpg 1920w\" sizes=\"(max-width: 768px) 100vw, 768px\" \/><\/figure>\n\n\n\n<figure class=\"wp-block-image size-large\"><img loading=\"lazy\" decoding=\"async\" width=\"768\" height=\"1024\" src=\"http:\/\/elektrosp.cz\/wp-content\/uploads\/2022\/04\/IMG_3746-768x1024.jpg\" alt=\"\" class=\"wp-image-93\" srcset=\"https:\/\/elektrosp.cz\/wp-content\/uploads\/2022\/04\/IMG_3746-768x1024.jpg 768w, https:\/\/elektrosp.cz\/wp-content\/uploads\/2022\/04\/IMG_3746-225x300.jpg 225w, https:\/\/elektrosp.cz\/wp-content\/uploads\/2022\/04\/IMG_3746-1152x1536.jpg 1152w, https:\/\/elektrosp.cz\/wp-content\/uploads\/2022\/04\/IMG_3746-1536x2048.jpg 1536w, https:\/\/elektrosp.cz\/wp-content\/uploads\/2022\/04\/IMG_3746-scaled.jpg 1920w\" sizes=\"(max-width: 768px) 100vw, 768px\" \/><\/figure>\n\n\n\n<p><\/p>\n","protected":false},"excerpt":{"rendered":"<p>V\u00fdroba rozv\u00e1d\u011b\u010d\u016f Spole\u010dnost ELEKTROSPOL, spol. s r.o., vyr\u00e1b\u00ed pr\u016fmyslov\u00e9 elektrick\u00e9 rozv\u00e1d\u011b\u010de n\u00edzk\u00e9ho nap\u011bt\u00ed do 4000A v kryt\u00ed a\u017e do IP65 s vysokou zkratovou odolnost\u00ed. Rozv\u00e1d\u011b\u010de jsou ur\u010deny pro pr\u016fmysl, administrativn\u00ed budovy, komer\u010dn\u00ed centra, nemocnice, energocentra apod. Rozv\u00e1d\u011b\u010de pro m\u011b\u0159en\u00ed a regulaci a pr\u016fmyslovou automatizaci jsou dod\u00e1v\u00e1ny odzkou\u0161en\u00e9, s aplikovan\u00fdm software, z\u00e1kazn\u00edk m\u00e1 mo\u017enost jejich otestov\u00e1n\u00ed [&hellip;]<\/p>\n","protected":false},"author":1,"featured_media":0,"parent":0,"menu_order":0,"comment_status":"closed","ping_status":"closed","template":"","meta":{"footnotes":""},"_links":{"self":[{"href":"https:\/\/elektrosp.cz\/index.php?rest_route=\/wp\/v2\/pages\/64"}],"collection":[{"href":"https:\/\/elektrosp.cz\/index.php?rest_route=\/wp\/v2\/pages"}],"about":[{"href":"https:\/\/elektrosp.cz\/index.php?rest_route=\/wp\/v2\/types\/page"}],"author":[{"embeddable":true,"href":"https:\/\/elektrosp.cz\/index.php?rest_route=\/wp\/v2\/users\/1"}],"replies":[{"embeddable":true,"href":"https:\/\/elektrosp.cz\/index.php?rest_route=%2Fwp%2Fv2%2Fcomments&post=64"}],"version-history":[{"count":2,"href":"https:\/\/elektrosp.cz\/index.php?rest_route=\/wp\/v2\/pages\/64\/revisions"}],"predecessor-version":[{"id":110,"href":"https:\/\/elektrosp.cz\/index.php?rest_route=\/wp\/v2\/pages\/64\/revisions\/110"}],"wp:attachment":[{"href":"https:\/\/elektrosp.cz\/index.php?rest_route=%2Fwp%2Fv2%2Fmedia&parent=64"}],"curies":[{"name":"wp","href":"https:\/\/api.w.org\/{rel}","templated":true}]}}