{"id":67,"date":"2022-04-26T09:28:46","date_gmt":"2022-04-26T07:28:46","guid":{"rendered":"http:\/\/romandvoracek.eu\/elektrosp\/?page_id=67"},"modified":"2024-03-18T09:59:26","modified_gmt":"2024-03-18T08:59:26","slug":"kontakt","status":"publish","type":"page","link":"https:\/\/elektrosp.cz\/?page_id=67","title":{"rendered":"KONTAKT"},"content":{"rendered":"\n<h4 class=\"wp-block-heading\">ELEKTROSPOL, spol. s&nbsp;r.o.<\/h4>\n\n\n\n<p>Sasina 54<\/p>\n\n\n\n<p>679 32 Svit\u00e1vka<\/p>\n\n\n\n<p><a href=\"mailto:info@vvelektro.cz\">info@elektrosp.cz<\/a><br>www.elektrosp.cz<\/p>\n\n\n\n<p>I\u010cO: 15546926&nbsp;<br>DI\u010c: CZ15546926<\/p>\n\n\n\n<p>Spole\u010dnost ELEKTROSPOL, spol. s r.o. se s\u00eddlem v Sasin\u011b,<br>zaps\u00e1na do Obchodn\u00edho rejst\u0159\u00edku veden\u00e9ho<br>Krajsk\u00fdm soudem v Brn\u011b dne 8.4.1991&nbsp;(odd\u00edl C. , vlo\u017eka 112898).<\/p>\n\n\n\n<h4 class=\"wp-block-heading\">Kontaktn\u00ed osoby<\/h4>\n\n\n\n<p><strong>JuDr. Petr Hlav\u00e1\u010dek<\/strong>&nbsp;&#8211; jednatel spole\u010dnosti<br>tel.:&nbsp;<a href=\"tel:+420 516 475 061\">+420 602 750 764<\/a><br>e-mail:&nbsp;<a href=\"mailto:tomas.vasulin@vvelektro.cz\">info@elektrosp.cz<\/a><\/p>\n\n\n\n<p><strong>Ing. Tom\u00e1\u0161 Va\u0161ul\u00edn<\/strong>&nbsp;&#8211; jednatel spole\u010dnosti<br>tel.:&nbsp;<a href=\"tel:+420 516 475 061\">+420 603&nbsp;441 852<\/a><br>e-mail:&nbsp;<a href=\"mailto:tomas.vasulin@vvelektro.cz\">info@elektrosp.cz<\/a><\/p>\n\n\n\n<p><strong>Bc.Mark\u00e9ta Huml\u00ed\u010dkov\u00e1, DiS.\u00a0<\/strong>&#8211; \u00fa\u010detn\u00ed, administrativa<br>tel.:\u00a0<a href=\"tel:+420 737 236 840\">+420 737 236 840<\/a><\/p>\n\n\n\n<p><strong>Petr Marek<\/strong>&nbsp;&#8211; koordin\u00e1tor elektro<br>tel.:&nbsp;<a href=\"tel:+420 603 297 415\">+420 733 537 624<\/a><\/p>\n\n\n\n<p><strong>Vladim\u00edr Petr\u016f&nbsp;<\/strong>&#8211; technik elektro<br>tel.:&nbsp;<a href=\"tel:+420 737 236 840\">+420 602&nbsp;632 983<\/a><\/p>\n\n\n\n<p><strong>Libor Knofl\u00ed\u010dek\u00a0<\/strong>&#8211; technik elektro, EZS<br>tel.:\u00a0<a href=\"tel:+420 737 236 840\">+420 723\u00a0725 459<\/a><\/p>\n\n\n\n<p><strong>Jind\u0159ich \u0160les&nbsp;<\/strong>&#8211; technik elektro<br>tel.:&nbsp;<a href=\"tel:+420 737 236 840\">+420 777 041&nbsp;899<\/a><\/p>\n\n\n\n<p><\/p>\n","protected":false},"excerpt":{"rendered":"<p>ELEKTROSPOL, spol. s&nbsp;r.o. Sasina 54 679 32 Svit\u00e1vka info@elektrosp.czwww.elektrosp.cz I\u010cO: 15546926&nbsp;DI\u010c: CZ15546926 Spole\u010dnost ELEKTROSPOL, spol. s r.o. se s\u00eddlem v Sasin\u011b,zaps\u00e1na do Obchodn\u00edho rejst\u0159\u00edku veden\u00e9hoKrajsk\u00fdm soudem v Brn\u011b dne 8.4.1991&nbsp;(odd\u00edl C. , vlo\u017eka 112898). Kontaktn\u00ed osoby JuDr. Petr Hlav\u00e1\u010dek&nbsp;&#8211; jednatel spole\u010dnostitel.:&nbsp;+420 602 750 764e-mail:&nbsp;info@elektrosp.cz Ing. Tom\u00e1\u0161 Va\u0161ul\u00edn&nbsp;&#8211; jednatel spole\u010dnostitel.:&nbsp;+420 603&nbsp;441 852e-mail:&nbsp;info@elektrosp.cz Bc.Mark\u00e9ta Huml\u00ed\u010dkov\u00e1, DiS.\u00a0&#8211; \u00fa\u010detn\u00ed, [&hellip;]<\/p>\n","protected":false},"author":1,"featured_media":0,"parent":0,"menu_order":0,"comment_status":"closed","ping_status":"closed","template":"","meta":{"footnotes":""},"_links":{"self":[{"href":"https:\/\/elektrosp.cz\/index.php?rest_route=\/wp\/v2\/pages\/67"}],"collection":[{"href":"https:\/\/elektrosp.cz\/index.php?rest_route=\/wp\/v2\/pages"}],"about":[{"href":"https:\/\/elektrosp.cz\/index.php?rest_route=\/wp\/v2\/types\/page"}],"author":[{"embeddable":true,"href":"https:\/\/elektrosp.cz\/index.php?rest_route=\/wp\/v2\/users\/1"}],"replies":[{"embeddable":true,"href":"https:\/\/elektrosp.cz\/index.php?rest_route=%2Fwp%2Fv2%2Fcomments&post=67"}],"version-history":[{"count":2,"href":"https:\/\/elektrosp.cz\/index.php?rest_route=\/wp\/v2\/pages\/67\/revisions"}],"predecessor-version":[{"id":117,"href":"https:\/\/elektrosp.cz\/index.php?rest_route=\/wp\/v2\/pages\/67\/revisions\/117"}],"wp:attachment":[{"href":"https:\/\/elektrosp.cz\/index.php?rest_route=%2Fwp%2Fv2%2Fmedia&parent=67"}],"curies":[{"name":"wp","href":"https:\/\/api.w.org\/{rel}","templated":true}]}}