{"id":70,"date":"2022-04-26T09:29:50","date_gmt":"2022-04-26T07:29:50","guid":{"rendered":"http:\/\/romandvoracek.eu\/elektrosp\/?page_id=70"},"modified":"2022-05-11T08:21:53","modified_gmt":"2022-05-11T06:21:53","slug":"aktualne","status":"publish","type":"page","link":"https:\/\/elektrosp.cz\/?page_id=70","title":{"rendered":"AKTU\u00c1LN\u011a"},"content":{"rendered":"\n<figure class=\"wp-block-image size-large\"><img loading=\"lazy\" decoding=\"async\" width=\"540\" height=\"405\" src=\"http:\/\/elektrosp.cz\/wp-content\/uploads\/2022\/04\/Thumbnail.ashx-47.jpeg\" alt=\"\" class=\"wp-image-91\" srcset=\"https:\/\/elektrosp.cz\/wp-content\/uploads\/2022\/04\/Thumbnail.ashx-47.jpeg 540w, https:\/\/elektrosp.cz\/wp-content\/uploads\/2022\/04\/Thumbnail.ashx-47-300x225.jpeg 300w\" sizes=\"(max-width: 540px) 100vw, 540px\" \/><\/figure>\n\n\n\n<h4 class=\"wp-block-heading\">Hala TechModel \u0160ebetov &#8211; leden 2022<\/h4>\n\n\n\n<p>Instalace v\u00fdrobn\u00ed haly spole\u010dnosti TechModel v \u0160ebetov\u011b. Rozvad\u011b\u010de, osv\u011btlen\u00ed, p\u0159ipojen\u00ed v\u00fdrobn\u00edch stroj\u016f.<\/p>\n\n\n\n<figure class=\"wp-block-image size-large\"><img loading=\"lazy\" decoding=\"async\" width=\"540\" height=\"253\" src=\"http:\/\/elektrosp.cz\/wp-content\/uploads\/2022\/04\/Thumbnail.ashx-48.jpeg\" alt=\"\" class=\"wp-image-90\" srcset=\"https:\/\/elektrosp.cz\/wp-content\/uploads\/2022\/04\/Thumbnail.ashx-48.jpeg 540w, https:\/\/elektrosp.cz\/wp-content\/uploads\/2022\/04\/Thumbnail.ashx-48-300x141.jpeg 300w\" sizes=\"(max-width: 540px) 100vw, 540px\" \/><\/figure>\n\n\n\n<h4 class=\"wp-block-heading\">SKI Hodon\u00edn &#8211; listopad-prosinec 2021<\/h4>\n\n\n\n<p>Instalace silnoproud\u00fdch rozvod\u016f pro are\u00e1l SKI Hodon\u00edn. Rozvody pro&nbsp;lanovku, osv\u011btlen\u00ed sjezdovky a rozvody are\u00e1lu.<\/p>\n\n\n\n<figure class=\"wp-block-image size-large\"><img loading=\"lazy\" decoding=\"async\" width=\"540\" height=\"405\" src=\"http:\/\/elektrosp.cz\/wp-content\/uploads\/2022\/04\/Thumbnail.ashx-49.jpeg\" alt=\"\" class=\"wp-image-89\" srcset=\"https:\/\/elektrosp.cz\/wp-content\/uploads\/2022\/04\/Thumbnail.ashx-49.jpeg 540w, https:\/\/elektrosp.cz\/wp-content\/uploads\/2022\/04\/Thumbnail.ashx-49-300x225.jpeg 300w\" sizes=\"(max-width: 540px) 100vw, 540px\" \/><\/figure>\n\n\n\n<h4 class=\"wp-block-heading\">D\u00edlna s administrativou \u0160ebetov &#8211; \u010dervenec-srpen 2021<\/h4>\n\n\n\n<p>Elektroinstalace v d\u00edln\u011b a administrativn\u00ed \u010d\u00e1sti. Are\u00e1l \u0160ebetov.<\/p>\n\n\n\n<figure class=\"wp-block-image size-large\"><img loading=\"lazy\" decoding=\"async\" width=\"540\" height=\"405\" src=\"http:\/\/elektrosp.cz\/wp-content\/uploads\/2022\/04\/Thumbnail.ashx-50.jpeg\" alt=\"\" class=\"wp-image-88\" srcset=\"https:\/\/elektrosp.cz\/wp-content\/uploads\/2022\/04\/Thumbnail.ashx-50.jpeg 540w, https:\/\/elektrosp.cz\/wp-content\/uploads\/2022\/04\/Thumbnail.ashx-50-300x225.jpeg 300w\" sizes=\"(max-width: 540px) 100vw, 540px\" \/><\/figure>\n\n\n\n<h4 class=\"wp-block-heading\">Sklad \u0160ebetov &#8211; \u010dervenec-srpen 2021<\/h4>\n\n\n\n<p>Elektroinstalace ve skladovac\u00ed hale zem\u011bd\u011blsk\u00fdch produkt\u016f. Are\u00e1l \u0160ebetov.<\/p>\n\n\n\n<figure class=\"wp-block-image size-large\"><img loading=\"lazy\" decoding=\"async\" width=\"540\" height=\"405\" src=\"http:\/\/elektrosp.cz\/wp-content\/uploads\/2022\/04\/Thumbnail.ashx-51.jpeg\" alt=\"\" class=\"wp-image-87\" srcset=\"https:\/\/elektrosp.cz\/wp-content\/uploads\/2022\/04\/Thumbnail.ashx-51.jpeg 540w, https:\/\/elektrosp.cz\/wp-content\/uploads\/2022\/04\/Thumbnail.ashx-51-300x225.jpeg 300w\" sizes=\"(max-width: 540px) 100vw, 540px\" \/><\/figure>\n\n\n\n<h4 class=\"wp-block-heading\">S\u0160 Andr\u00e9 Citroena &#8211; \u010derven-srpen 2021<\/h4>\n\n\n\n<p>Modernizace v\u00fduky technick\u00fdch obor\u016f a vnit\u0159n\u00ed konektivity na St\u0159edn\u00ed \u0161kole Andr\u00e9 Citro\u00ebna Boskovice, Integrovan\u00e9ho region\u00e1ln\u00edho opera\u010dn\u00edho programu pod \u010d. CZ.06.4.59\/0.0\/0.0\/16_075\/0011327.<\/p>\n\n\n\n<figure class=\"wp-block-image size-large\"><img loading=\"lazy\" decoding=\"async\" width=\"232\" height=\"310\" src=\"http:\/\/elektrosp.cz\/wp-content\/uploads\/2022\/04\/Thumbnail.ashx-52.jpeg\" alt=\"\" class=\"wp-image-86\" srcset=\"https:\/\/elektrosp.cz\/wp-content\/uploads\/2022\/04\/Thumbnail.ashx-52.jpeg 232w, https:\/\/elektrosp.cz\/wp-content\/uploads\/2022\/04\/Thumbnail.ashx-52-225x300.jpeg 225w\" sizes=\"(max-width: 232px) 100vw, 232px\" \/><\/figure>\n\n\n\n<h4 class=\"wp-block-heading\">2020 &#8211; SKI are\u00e1l Hodon\u00edn<\/h4>\n\n\n\n<p>Dod\u00e1vka trafostanice 630kVA, v\u010detn\u011b rozvodnice a tras pro rozvodnu.<\/p>\n\n\n\n<figure class=\"wp-block-image size-large\"><img loading=\"lazy\" decoding=\"async\" width=\"540\" height=\"405\" src=\"http:\/\/elektrosp.cz\/wp-content\/uploads\/2022\/04\/Thumbnail.ashx-53.jpeg\" alt=\"\" class=\"wp-image-85\" srcset=\"https:\/\/elektrosp.cz\/wp-content\/uploads\/2022\/04\/Thumbnail.ashx-53.jpeg 540w, https:\/\/elektrosp.cz\/wp-content\/uploads\/2022\/04\/Thumbnail.ashx-53-300x225.jpeg 300w\" sizes=\"(max-width: 540px) 100vw, 540px\" \/><\/figure>\n\n\n\n<h4 class=\"wp-block-heading\">2020 &#8211; ColorProfi &#8211; nov\u00e1 v\u00fdrobn\u00ed hala C7<\/h4>\n\n\n\n<p>Elektroinstalace v nov\u00e9 hale C7 spole\u010dnosti ColorProfi. Dod\u00e1vka rozvod\u016f, osv\u011btlen\u00ed a p\u0159ipojen\u00ed v\u00fdrobn\u00edch lis\u016f a prost\u0159edk\u016f. V\u010detn\u011b dod\u00e1vky rozvad\u011b\u010d\u016f a p\u0159ipojen\u00ed k TS.<\/p>\n\n\n\n<figure class=\"wp-block-image size-large\"><img loading=\"lazy\" decoding=\"async\" width=\"540\" height=\"405\" src=\"http:\/\/elektrosp.cz\/wp-content\/uploads\/2022\/04\/Thumbnail.ashx-54.jpeg\" alt=\"\" class=\"wp-image-84\" srcset=\"https:\/\/elektrosp.cz\/wp-content\/uploads\/2022\/04\/Thumbnail.ashx-54.jpeg 540w, https:\/\/elektrosp.cz\/wp-content\/uploads\/2022\/04\/Thumbnail.ashx-54-300x225.jpeg 300w\" sizes=\"(max-width: 540px) 100vw, 540px\" \/><\/figure>\n\n\n\n<h4 class=\"wp-block-heading\">2020 &#8211; Farma T\u011b\u0161any &#8211; teletn\u00edk<\/h4>\n\n\n\n<p>Na farm\u011b T\u011b\u0161any pokra\u010dujeme s novou budovou teletn\u00edku&#8230; Kompletn\u00ed elektroinstalace.<\/p>\n\n\n\n<figure class=\"wp-block-image size-large\"><img loading=\"lazy\" decoding=\"async\" width=\"540\" height=\"405\" src=\"http:\/\/elektrosp.cz\/wp-content\/uploads\/2022\/04\/Thumbnail.ashx-55.jpeg\" alt=\"\" class=\"wp-image-83\" srcset=\"https:\/\/elektrosp.cz\/wp-content\/uploads\/2022\/04\/Thumbnail.ashx-55.jpeg 540w, https:\/\/elektrosp.cz\/wp-content\/uploads\/2022\/04\/Thumbnail.ashx-55-300x225.jpeg 300w\" sizes=\"(max-width: 540px) 100vw, 540px\" \/><\/figure>\n\n\n\n<h4 class=\"wp-block-heading\">2020 &#8211; Letoplast &#8211; lisy<\/h4>\n\n\n\n<p>Elektroinstalace nov\u00fdch lisovac\u00edch stroj\u016f a lakovny ve spole\u010dnosti Letoplast.<\/p>\n\n\n\n<figure class=\"wp-block-image size-large\"><img loading=\"lazy\" decoding=\"async\" width=\"540\" height=\"405\" src=\"http:\/\/elektrosp.cz\/wp-content\/uploads\/2022\/04\/Thumbnail.ashx-56.jpeg\" alt=\"\" class=\"wp-image-82\" srcset=\"https:\/\/elektrosp.cz\/wp-content\/uploads\/2022\/04\/Thumbnail.ashx-56.jpeg 540w, https:\/\/elektrosp.cz\/wp-content\/uploads\/2022\/04\/Thumbnail.ashx-56-300x225.jpeg 300w\" sizes=\"(max-width: 540px) 100vw, 540px\" \/><\/figure>\n\n\n\n<h4 class=\"wp-block-heading\">2020 &#8211; Letoplast &#8211; rozvodna<\/h4>\n\n\n\n<p>Dod\u00e1v\u00e1me rozv\u00e1d\u011b\u010de pro rozvodnu haly lisovac\u00edch stroj\u016f ve spole\u010dnosti Letoplast.<\/p>\n\n\n\n<figure class=\"wp-block-image size-large\"><img loading=\"lazy\" decoding=\"async\" width=\"540\" height=\"405\" src=\"http:\/\/elektrosp.cz\/wp-content\/uploads\/2022\/04\/Thumbnail.ashx-57.jpeg\" alt=\"\" class=\"wp-image-81\" srcset=\"https:\/\/elektrosp.cz\/wp-content\/uploads\/2022\/04\/Thumbnail.ashx-57.jpeg 540w, https:\/\/elektrosp.cz\/wp-content\/uploads\/2022\/04\/Thumbnail.ashx-57-300x225.jpeg 300w\" sizes=\"(max-width: 540px) 100vw, 540px\" \/><\/figure>\n\n\n\n<h4 class=\"wp-block-heading\">2020 &#8211; BD Svit\u00e1vka<\/h4>\n\n\n\n<p>Jsme dodavatel slaboproud\u00fdch a silnoproud\u00fdch instalac\u00ed pro bytov\u00e9 domy Svit\u00e1vka.<\/p>\n\n\n\n<figure class=\"wp-block-image size-large\"><img loading=\"lazy\" decoding=\"async\" width=\"540\" height=\"360\" src=\"http:\/\/elektrosp.cz\/wp-content\/uploads\/2022\/04\/Thumbnail.ashx-58.jpeg\" alt=\"\" class=\"wp-image-80\" srcset=\"https:\/\/elektrosp.cz\/wp-content\/uploads\/2022\/04\/Thumbnail.ashx-58.jpeg 540w, https:\/\/elektrosp.cz\/wp-content\/uploads\/2022\/04\/Thumbnail.ashx-58-300x200.jpeg 300w\" sizes=\"(max-width: 540px) 100vw, 540px\" \/><\/figure>\n\n\n\n<h4 class=\"wp-block-heading\">2019 &#8211; M\u0160 Lidick\u00e1 (\u010dervenec &#8211; srpen)<\/h4>\n\n\n\n<p>Rekonstrukce elektroinstalace v budov\u011b M\u0160 Lidick\u00e1. I.etapa&#8230;<\/p>\n\n\n\n<figure class=\"wp-block-image size-large\"><img loading=\"lazy\" decoding=\"async\" width=\"324\" height=\"90\" src=\"http:\/\/elektrosp.cz\/wp-content\/uploads\/2022\/04\/Thumbnail.ashx-6.png\" alt=\"\" class=\"wp-image-79\" srcset=\"https:\/\/elektrosp.cz\/wp-content\/uploads\/2022\/04\/Thumbnail.ashx-6.png 324w, https:\/\/elektrosp.cz\/wp-content\/uploads\/2022\/04\/Thumbnail.ashx-6-300x83.png 300w\" sizes=\"(max-width: 324px) 100vw, 324px\" \/><\/figure>\n\n\n\n<h4 class=\"wp-block-heading\">2019 &#8211; Letoplast (\u010dervenec)<\/h4>\n\n\n\n<p>Dod\u00e1vka HR pro halu ve spole\u010dnosti Letoplast.<\/p>\n\n\n\n<figure class=\"wp-block-image size-large\"><img loading=\"lazy\" decoding=\"async\" width=\"540\" height=\"405\" src=\"http:\/\/elektrosp.cz\/wp-content\/uploads\/2022\/04\/Thumbnail.ashx-59.jpeg\" alt=\"\" class=\"wp-image-78\" srcset=\"https:\/\/elektrosp.cz\/wp-content\/uploads\/2022\/04\/Thumbnail.ashx-59.jpeg 540w, https:\/\/elektrosp.cz\/wp-content\/uploads\/2022\/04\/Thumbnail.ashx-59-300x225.jpeg 300w\" sizes=\"(max-width: 540px) 100vw, 540px\" \/><\/figure>\n\n\n\n<h4 class=\"wp-block-heading\">2019 &#8211; Modernizace farmy AgroMonet T\u011b\u0161any (kv\u011bten)<\/h4>\n\n\n\n<p>Kompletn\u00ed dod\u00e1vky silnoproud\u00fdch a slaboproud\u00fdch instalac\u00ed. Sou\u010d\u00e1st\u00ed zak\u00e1zky je dod\u00e1vka trafostanice a technologie.<\/p>\n\n\n\n<figure class=\"wp-block-image size-large\"><img loading=\"lazy\" decoding=\"async\" width=\"540\" height=\"346\" src=\"http:\/\/elektrosp.cz\/wp-content\/uploads\/2022\/04\/Thumbnail.ashx-60.jpeg\" alt=\"\" class=\"wp-image-77\" srcset=\"https:\/\/elektrosp.cz\/wp-content\/uploads\/2022\/04\/Thumbnail.ashx-60.jpeg 540w, https:\/\/elektrosp.cz\/wp-content\/uploads\/2022\/04\/Thumbnail.ashx-60-300x192.jpeg 300w\" sizes=\"(max-width: 540px) 100vw, 540px\" \/><\/figure>\n\n\n\n<h4 class=\"wp-block-heading\">2018 &#8211; byty Lidick\u00e1, Boskovice<\/h4>\n\n\n\n<p>Byla zapo\u010data akce v\u00fdstavby byt\u016f Lidick\u00e1. Dod\u00e1v\u00e1me silnoproud\u00e9 a slaboproud\u00e9 technologie pro stavebn\u00ed spole\u010dnost Kindermann, s.r.o.<\/p>\n\n\n\n<figure class=\"wp-block-image size-large\"><img loading=\"lazy\" decoding=\"async\" width=\"540\" height=\"405\" src=\"http:\/\/elektrosp.cz\/wp-content\/uploads\/2022\/04\/Thumbnail.ashx-61.jpeg\" alt=\"\" class=\"wp-image-76\" srcset=\"https:\/\/elektrosp.cz\/wp-content\/uploads\/2022\/04\/Thumbnail.ashx-61.jpeg 540w, https:\/\/elektrosp.cz\/wp-content\/uploads\/2022\/04\/Thumbnail.ashx-61-300x225.jpeg 300w\" sizes=\"(max-width: 540px) 100vw, 540px\" \/><\/figure>\n\n\n\n<h4 class=\"wp-block-heading\">2018 &#8211; Stavkom &#8211; Byty Na V\u00fdslun\u00ed<\/h4>\n\n\n\n<p>Jsme dodavatel\u00e9 elektrom\u011brov\u00fdch rozv\u00e1d\u011b\u010d\u016f pro bytov\u00e9 domy Na V\u00fdslun\u00ed, Boskovice. Zhotovitel: Stavkom, s.r.o.<\/p>\n\n\n\n<p><\/p>\n","protected":false},"excerpt":{"rendered":"<p>Hala TechModel \u0160ebetov &#8211; leden 2022 Instalace v\u00fdrobn\u00ed haly spole\u010dnosti TechModel v \u0160ebetov\u011b. Rozvad\u011b\u010de, osv\u011btlen\u00ed, p\u0159ipojen\u00ed v\u00fdrobn\u00edch stroj\u016f. SKI Hodon\u00edn &#8211; listopad-prosinec 2021 Instalace silnoproud\u00fdch rozvod\u016f pro are\u00e1l SKI Hodon\u00edn. Rozvody pro&nbsp;lanovku, osv\u011btlen\u00ed sjezdovky a rozvody are\u00e1lu. D\u00edlna s administrativou \u0160ebetov &#8211; \u010dervenec-srpen 2021 Elektroinstalace v d\u00edln\u011b a administrativn\u00ed \u010d\u00e1sti. Are\u00e1l \u0160ebetov. Sklad \u0160ebetov &#8211; [&hellip;]<\/p>\n","protected":false},"author":1,"featured_media":0,"parent":0,"menu_order":0,"comment_status":"closed","ping_status":"closed","template":"","meta":{"footnotes":""},"_links":{"self":[{"href":"https:\/\/elektrosp.cz\/index.php?rest_route=\/wp\/v2\/pages\/70"}],"collection":[{"href":"https:\/\/elektrosp.cz\/index.php?rest_route=\/wp\/v2\/pages"}],"about":[{"href":"https:\/\/elektrosp.cz\/index.php?rest_route=\/wp\/v2\/types\/page"}],"author":[{"embeddable":true,"href":"https:\/\/elektrosp.cz\/index.php?rest_route=\/wp\/v2\/users\/1"}],"replies":[{"embeddable":true,"href":"https:\/\/elektrosp.cz\/index.php?rest_route=%2Fwp%2Fv2%2Fcomments&post=70"}],"version-history":[{"count":3,"href":"https:\/\/elektrosp.cz\/index.php?rest_route=\/wp\/v2\/pages\/70\/revisions"}],"predecessor-version":[{"id":118,"href":"https:\/\/elektrosp.cz\/index.php?rest_route=\/wp\/v2\/pages\/70\/revisions\/118"}],"wp:attachment":[{"href":"https:\/\/elektrosp.cz\/index.php?rest_route=%2Fwp%2Fv2%2Fmedia&parent=70"}],"curies":[{"name":"wp","href":"https:\/\/api.w.org\/{rel}","templated":true}]}}